{"id":52,"date":"2021-08-13T12:32:25","date_gmt":"2021-08-13T10:32:25","guid":{"rendered":"http:\/\/easyproperties.be\/accueil\/"},"modified":"2024-11-06T14:12:45","modified_gmt":"2024-11-06T13:12:45","slug":"accueil","status":"publish","type":"page","link":"https:\/\/easyproperties.be\/en\/","title":{"rendered":"Home"},"content":{"rendered":"","protected":false},"excerpt":{"rendered":"","protected":false},"author":7,"featured_media":0,"parent":0,"menu_order":0,"comment_status":"closed","ping_status":"closed","template":"","meta":{"_acf_changed":false,"inline_featured_image":false,"footnotes":""},"class_list":["post-52","page","type-page","status-publish","hentry"],"acf":[],"yoast_head":"<!-- This site is optimized with the Yoast SEO plugin v27.3 - https:\/\/yoast.com\/product\/yoast-seo-wordpress\/ -->\n<title>Easy Properties, your real estate agency in Brussels<\/title>\n<meta name=\"description\" content=\"Sell or rent your property at the best conditions - Commission from 1% | Ask for your Free Valuation ! | Easy Properties\" \/>\n<meta name=\"robots\" content=\"index, follow, max-snippet:-1, max-image-preview:large, max-video-preview:-1\" \/>\n<link rel=\"canonical\" href=\"https:\/\/easyproperties.be\/en\/\" \/>\n<meta property=\"og:locale\" content=\"en_GB\" \/>\n<meta property=\"og:type\" content=\"article\" \/>\n<meta property=\"og:title\" content=\"Easy Properties, your real estate agency in Brussels\" \/>\n<meta property=\"og:description\" content=\"Sell or rent your property at the best conditions - Commission from 1% | Ask for your Free Valuation ! | Easy Properties\" \/>\n<meta property=\"og:url\" content=\"https:\/\/easyproperties.be\/en\/\" \/>\n<meta property=\"og:site_name\" content=\"Easy Properties\" \/>\n<meta property=\"article:modified_time\" content=\"2024-11-06T13:12:45+00:00\" \/>\n<meta name=\"twitter:card\" content=\"summary_large_image\" \/>\n<meta name=\"twitter:label1\" content=\"Estimated reading time\" \/>\n\t<meta name=\"twitter:data1\" content=\"4 minutes\" \/>\n<script type=\"application\/ld+json\" class=\"yoast-schema-graph\">{\"@context\":\"https:\\\/\\\/schema.org\",\"@graph\":[{\"@type\":\"WebPage\",\"@id\":\"https:\\\/\\\/easyproperties.be\\\/en\\\/\",\"url\":\"https:\\\/\\\/easyproperties.be\\\/en\\\/\",\"name\":\"Easy Properties, your real estate agency in Brussels\",\"isPartOf\":{\"@id\":\"https:\\\/\\\/easyproperties.be\\\/en\\\/#website\"},\"datePublished\":\"2021-08-13T10:32:25+00:00\",\"dateModified\":\"2024-11-06T13:12:45+00:00\",\"description\":\"Sell or rent your property at the best conditions - Commission from 1% | Ask for your Free Valuation ! | Easy Properties\",\"breadcrumb\":{\"@id\":\"https:\\\/\\\/easyproperties.be\\\/en\\\/#breadcrumb\"},\"inLanguage\":\"en-GB\",\"potentialAction\":[{\"@type\":\"ReadAction\",\"target\":[\"https:\\\/\\\/easyproperties.be\\\/en\\\/\"]}]},{\"@type\":\"BreadcrumbList\",\"@id\":\"https:\\\/\\\/easyproperties.be\\\/en\\\/#breadcrumb\",\"itemListElement\":[{\"@type\":\"ListItem\",\"position\":1,\"name\":\"Home\",\"item\":\"https:\\\/\\\/easyproperties.be\\\/en\\\/\"},{\"@type\":\"ListItem\",\"position\":2,\"name\":\"Home\"}]},{\"@type\":\"WebSite\",\"@id\":\"https:\\\/\\\/easyproperties.be\\\/en\\\/#website\",\"url\":\"https:\\\/\\\/easyproperties.be\\\/en\\\/\",\"name\":\"Easy Properties\",\"description\":\"Achetez ou louez tous types de biens immobiliers... Easy Properties vous aide \u00e0 r\u00e9aliser vos r\u00eaves...\",\"potentialAction\":[{\"@type\":\"SearchAction\",\"target\":{\"@type\":\"EntryPoint\",\"urlTemplate\":\"https:\\\/\\\/easyproperties.be\\\/en\\\/?s={search_term_string}\"},\"query-input\":{\"@type\":\"PropertyValueSpecification\",\"valueRequired\":true,\"valueName\":\"search_term_string\"}}],\"inLanguage\":\"en-GB\"}]}<\/script>\n<!-- \/ Yoast SEO plugin. -->","yoast_head_json":{"title":"Easy Properties, your real estate agency in Brussels","description":"Sell or rent your property at the best conditions - Commission from 1% | Ask for your Free Valuation ! | Easy Properties","robots":{"index":"index","follow":"follow","max-snippet":"max-snippet:-1","max-image-preview":"max-image-preview:large","max-video-preview":"max-video-preview:-1"},"canonical":"https:\/\/easyproperties.be\/en\/","og_locale":"en_GB","og_type":"article","og_title":"Easy Properties, your real estate agency in Brussels","og_description":"Sell or rent your property at the best conditions - Commission from 1% | Ask for your Free Valuation ! | Easy Properties","og_url":"https:\/\/easyproperties.be\/en\/","og_site_name":"Easy Properties","article_modified_time":"2024-11-06T13:12:45+00:00","twitter_card":"summary_large_image","twitter_misc":{"Estimated reading time":"4 minutes"},"schema":{"@context":"https:\/\/schema.org","@graph":[{"@type":"WebPage","@id":"https:\/\/easyproperties.be\/en\/","url":"https:\/\/easyproperties.be\/en\/","name":"Easy Properties, your real estate agency in Brussels","isPartOf":{"@id":"https:\/\/easyproperties.be\/en\/#website"},"datePublished":"2021-08-13T10:32:25+00:00","dateModified":"2024-11-06T13:12:45+00:00","description":"Sell or rent your property at the best conditions - Commission from 1% | Ask for your Free Valuation ! | Easy Properties","breadcrumb":{"@id":"https:\/\/easyproperties.be\/en\/#breadcrumb"},"inLanguage":"en-GB","potentialAction":[{"@type":"ReadAction","target":["https:\/\/easyproperties.be\/en\/"]}]},{"@type":"BreadcrumbList","@id":"https:\/\/easyproperties.be\/en\/#breadcrumb","itemListElement":[{"@type":"ListItem","position":1,"name":"Home","item":"https:\/\/easyproperties.be\/en\/"},{"@type":"ListItem","position":2,"name":"Home"}]},{"@type":"WebSite","@id":"https:\/\/easyproperties.be\/en\/#website","url":"https:\/\/easyproperties.be\/en\/","name":"Easy Properties","description":"Achetez ou louez tous types de biens immobiliers... Easy Properties vous aide \u00e0 r\u00e9aliser vos r\u00eaves...","potentialAction":[{"@type":"SearchAction","target":{"@type":"EntryPoint","urlTemplate":"https:\/\/easyproperties.be\/en\/?s={search_term_string}"},"query-input":{"@type":"PropertyValueSpecification","valueRequired":true,"valueName":"search_term_string"}}],"inLanguage":"en-GB"}]}},"_links":{"self":[{"href":"https:\/\/easyproperties.be\/en\/wp-json\/wp\/v2\/pages\/52","targetHints":{"allow":["GET"]}}],"collection":[{"href":"https:\/\/easyproperties.be\/en\/wp-json\/wp\/v2\/pages"}],"about":[{"href":"https:\/\/easyproperties.be\/en\/wp-json\/wp\/v2\/types\/page"}],"author":[{"embeddable":true,"href":"https:\/\/easyproperties.be\/en\/wp-json\/wp\/v2\/users\/7"}],"replies":[{"embeddable":true,"href":"https:\/\/easyproperties.be\/en\/wp-json\/wp\/v2\/comments?post=52"}],"version-history":[{"count":0,"href":"https:\/\/easyproperties.be\/en\/wp-json\/wp\/v2\/pages\/52\/revisions"}],"wp:attachment":[{"href":"https:\/\/easyproperties.be\/en\/wp-json\/wp\/v2\/media?parent=52"}],"curies":[{"name":"wp","href":"https:\/\/api.w.org\/{rel}","templated":true}]}}