{"id":676,"date":"2021-08-13T12:32:40","date_gmt":"2021-08-13T10:32:40","guid":{"rendered":"https:\/\/easyproperties.be\/vendre-ou-louer-mon-bien\/"},"modified":"2021-10-20T11:21:51","modified_gmt":"2021-10-20T09:21:51","slug":"sell-or-rent-my-property","status":"publish","type":"page","link":"https:\/\/easyproperties.be\/en\/sell-or-rent-my-property\/","title":{"rendered":"Sell or rent my property"},"content":{"rendered":"","protected":false},"excerpt":{"rendered":"","protected":false},"author":7,"featured_media":0,"parent":0,"menu_order":1,"comment_status":"closed","ping_status":"closed","template":"templates\/vendre-ou-louer.php","meta":{"_acf_changed":false,"inline_featured_image":false,"footnotes":""},"class_list":["post-676","page","type-page","status-publish","hentry"],"acf":[],"yoast_head":"<!-- This site is optimized with the Yoast SEO plugin v27.4 - https:\/\/yoast.com\/product\/yoast-seo-wordpress\/ -->\n<title>Sell or rent your property with Easy Properties - Real Estate Agency<\/title>\n<meta name=\"description\" content=\"We take care of EVERYTHING: managing visits, negotiating the price, selling and renting your property at the best conditions\" \/>\n<meta name=\"robots\" content=\"index, follow, max-snippet:-1, max-image-preview:large, max-video-preview:-1\" \/>\n<link rel=\"canonical\" href=\"https:\/\/easyproperties.be\/en\/sell-or-rent-my-property\/\" \/>\n<meta property=\"og:locale\" content=\"en_GB\" \/>\n<meta property=\"og:type\" content=\"article\" \/>\n<meta property=\"og:title\" content=\"Sell or rent your property with Easy Properties - Real Estate Agency\" \/>\n<meta property=\"og:description\" content=\"We take care of EVERYTHING: managing visits, negotiating the price, selling and renting your property at the best conditions\" \/>\n<meta property=\"og:url\" content=\"https:\/\/easyproperties.be\/en\/sell-or-rent-my-property\/\" \/>\n<meta property=\"og:site_name\" content=\"Easy Properties\" \/>\n<meta property=\"article:modified_time\" content=\"2021-10-20T09:21:51+00:00\" \/>\n<meta name=\"twitter:card\" content=\"summary_large_image\" \/>\n<script type=\"application\/ld+json\" class=\"yoast-schema-graph\">{\"@context\":\"https:\\\/\\\/schema.org\",\"@graph\":[{\"@type\":\"WebPage\",\"@id\":\"https:\\\/\\\/easyproperties.be\\\/en\\\/sell-or-rent-my-property\\\/\",\"url\":\"https:\\\/\\\/easyproperties.be\\\/en\\\/sell-or-rent-my-property\\\/\",\"name\":\"Sell or rent your property with Easy Properties - Real Estate Agency\",\"isPartOf\":{\"@id\":\"https:\\\/\\\/easyproperties.be\\\/en\\\/#website\"},\"datePublished\":\"2021-08-13T10:32:40+00:00\",\"dateModified\":\"2021-10-20T09:21:51+00:00\",\"description\":\"We take care of EVERYTHING: managing visits, negotiating the price, selling and renting your property at the best conditions\",\"breadcrumb\":{\"@id\":\"https:\\\/\\\/easyproperties.be\\\/en\\\/sell-or-rent-my-property\\\/#breadcrumb\"},\"inLanguage\":\"en-GB\",\"potentialAction\":[{\"@type\":\"ReadAction\",\"target\":[\"https:\\\/\\\/easyproperties.be\\\/en\\\/sell-or-rent-my-property\\\/\"]}]},{\"@type\":\"BreadcrumbList\",\"@id\":\"https:\\\/\\\/easyproperties.be\\\/en\\\/sell-or-rent-my-property\\\/#breadcrumb\",\"itemListElement\":[{\"@type\":\"ListItem\",\"position\":1,\"name\":\"Home\",\"item\":\"https:\\\/\\\/easyproperties.be\\\/en\\\/\"},{\"@type\":\"ListItem\",\"position\":2,\"name\":\"Sell or rent my property\"}]},{\"@type\":\"WebSite\",\"@id\":\"https:\\\/\\\/easyproperties.be\\\/en\\\/#website\",\"url\":\"https:\\\/\\\/easyproperties.be\\\/en\\\/\",\"name\":\"Easy Properties\",\"description\":\"Achetez ou louez tous types de biens immobiliers... Easy Properties vous aide \u00e0 r\u00e9aliser vos r\u00eaves...\",\"potentialAction\":[{\"@type\":\"SearchAction\",\"target\":{\"@type\":\"EntryPoint\",\"urlTemplate\":\"https:\\\/\\\/easyproperties.be\\\/en\\\/?s={search_term_string}\"},\"query-input\":{\"@type\":\"PropertyValueSpecification\",\"valueRequired\":true,\"valueName\":\"search_term_string\"}}],\"inLanguage\":\"en-GB\"}]}<\/script>\n<!-- \/ Yoast SEO plugin. -->","yoast_head_json":{"title":"Sell or rent your property with Easy Properties - Real Estate Agency","description":"We take care of EVERYTHING: managing visits, negotiating the price, selling and renting your property at the best conditions","robots":{"index":"index","follow":"follow","max-snippet":"max-snippet:-1","max-image-preview":"max-image-preview:large","max-video-preview":"max-video-preview:-1"},"canonical":"https:\/\/easyproperties.be\/en\/sell-or-rent-my-property\/","og_locale":"en_GB","og_type":"article","og_title":"Sell or rent your property with Easy Properties - Real Estate Agency","og_description":"We take care of EVERYTHING: managing visits, negotiating the price, selling and renting your property at the best conditions","og_url":"https:\/\/easyproperties.be\/en\/sell-or-rent-my-property\/","og_site_name":"Easy Properties","article_modified_time":"2021-10-20T09:21:51+00:00","twitter_card":"summary_large_image","schema":{"@context":"https:\/\/schema.org","@graph":[{"@type":"WebPage","@id":"https:\/\/easyproperties.be\/en\/sell-or-rent-my-property\/","url":"https:\/\/easyproperties.be\/en\/sell-or-rent-my-property\/","name":"Sell or rent your property with Easy Properties - Real Estate Agency","isPartOf":{"@id":"https:\/\/easyproperties.be\/en\/#website"},"datePublished":"2021-08-13T10:32:40+00:00","dateModified":"2021-10-20T09:21:51+00:00","description":"We take care of EVERYTHING: managing visits, negotiating the price, selling and renting your property at the best conditions","breadcrumb":{"@id":"https:\/\/easyproperties.be\/en\/sell-or-rent-my-property\/#breadcrumb"},"inLanguage":"en-GB","potentialAction":[{"@type":"ReadAction","target":["https:\/\/easyproperties.be\/en\/sell-or-rent-my-property\/"]}]},{"@type":"BreadcrumbList","@id":"https:\/\/easyproperties.be\/en\/sell-or-rent-my-property\/#breadcrumb","itemListElement":[{"@type":"ListItem","position":1,"name":"Home","item":"https:\/\/easyproperties.be\/en\/"},{"@type":"ListItem","position":2,"name":"Sell or rent my property"}]},{"@type":"WebSite","@id":"https:\/\/easyproperties.be\/en\/#website","url":"https:\/\/easyproperties.be\/en\/","name":"Easy Properties","description":"Achetez ou louez tous types de biens immobiliers... Easy Properties vous aide \u00e0 r\u00e9aliser vos r\u00eaves...","potentialAction":[{"@type":"SearchAction","target":{"@type":"EntryPoint","urlTemplate":"https:\/\/easyproperties.be\/en\/?s={search_term_string}"},"query-input":{"@type":"PropertyValueSpecification","valueRequired":true,"valueName":"search_term_string"}}],"inLanguage":"en-GB"}]}},"_links":{"self":[{"href":"https:\/\/easyproperties.be\/en\/wp-json\/wp\/v2\/pages\/676","targetHints":{"allow":["GET"]}}],"collection":[{"href":"https:\/\/easyproperties.be\/en\/wp-json\/wp\/v2\/pages"}],"about":[{"href":"https:\/\/easyproperties.be\/en\/wp-json\/wp\/v2\/types\/page"}],"author":[{"embeddable":true,"href":"https:\/\/easyproperties.be\/en\/wp-json\/wp\/v2\/users\/7"}],"replies":[{"embeddable":true,"href":"https:\/\/easyproperties.be\/en\/wp-json\/wp\/v2\/comments?post=676"}],"version-history":[{"count":0,"href":"https:\/\/easyproperties.be\/en\/wp-json\/wp\/v2\/pages\/676\/revisions"}],"wp:attachment":[{"href":"https:\/\/easyproperties.be\/en\/wp-json\/wp\/v2\/media?parent=676"}],"curies":[{"name":"wp","href":"https:\/\/api.w.org\/{rel}","templated":true}]}}