{"id":13,"date":"2021-08-13T12:32:56","date_gmt":"2021-08-13T10:32:56","guid":{"rendered":"http:\/\/easyproperties.be\/?page_id=13"},"modified":"2021-09-07T10:39:05","modified_gmt":"2021-09-07T08:39:05","slug":"a-vendre","status":"publish","type":"page","link":"https:\/\/easyproperties.be\/fr\/a-vendre\/","title":{"rendered":"\u00c0 vendre"},"content":{"rendered":"","protected":false},"excerpt":{"rendered":"","protected":false},"author":7,"featured_media":0,"parent":0,"menu_order":2,"comment_status":"closed","ping_status":"closed","template":"templates\/listing.php","meta":{"_acf_changed":false,"inline_featured_image":false,"footnotes":""},"class_list":["post-13","page","type-page","status-publish","hentry"],"acf":[],"yoast_head":"<!-- This site is optimized with the Yoast SEO plugin v27.4 - https:\/\/yoast.com\/product\/yoast-seo-wordpress\/ -->\n<title>D\u00e9couvrez les biens \u00e0 vendre - Agence immobili\u00e8re \u00e0 Bruxelles<\/title>\n<meta name=\"description\" content=\"Easy Properties s&#039;occupe de la vente de votre bien aux meilleures conditions l Demandez votre Estimation Gratuite\" \/>\n<meta name=\"robots\" content=\"index, follow, max-snippet:-1, max-image-preview:large, max-video-preview:-1\" \/>\n<link rel=\"canonical\" href=\"https:\/\/easyproperties.be\/fr\/a-vendre\/\" \/>\n<meta property=\"og:locale\" content=\"fr_FR\" \/>\n<meta property=\"og:type\" content=\"article\" \/>\n<meta property=\"og:title\" content=\"D\u00e9couvrez les biens \u00e0 vendre - Agence immobili\u00e8re \u00e0 Bruxelles\" \/>\n<meta property=\"og:description\" content=\"Easy Properties s&#039;occupe de la vente de votre bien aux meilleures conditions l Demandez votre Estimation Gratuite\" \/>\n<meta property=\"og:url\" content=\"https:\/\/easyproperties.be\/fr\/a-vendre\/\" \/>\n<meta property=\"og:site_name\" content=\"Easy Properties\" \/>\n<meta property=\"article:modified_time\" content=\"2021-09-07T08:39:05+00:00\" \/>\n<meta name=\"twitter:card\" content=\"summary_large_image\" \/>\n<script type=\"application\/ld+json\" class=\"yoast-schema-graph\">{\"@context\":\"https:\\\/\\\/schema.org\",\"@graph\":[{\"@type\":\"WebPage\",\"@id\":\"https:\\\/\\\/easyproperties.be\\\/fr\\\/a-vendre\\\/\",\"url\":\"https:\\\/\\\/easyproperties.be\\\/fr\\\/a-vendre\\\/\",\"name\":\"D\u00e9couvrez les biens \u00e0 vendre - Agence immobili\u00e8re \u00e0 Bruxelles\",\"isPartOf\":{\"@id\":\"https:\\\/\\\/easyproperties.be\\\/fr\\\/#website\"},\"datePublished\":\"2021-08-13T10:32:56+00:00\",\"dateModified\":\"2021-09-07T08:39:05+00:00\",\"description\":\"Easy Properties s'occupe de la vente de votre bien aux meilleures conditions l Demandez votre Estimation Gratuite\",\"breadcrumb\":{\"@id\":\"https:\\\/\\\/easyproperties.be\\\/fr\\\/a-vendre\\\/#breadcrumb\"},\"inLanguage\":\"fr-BE\",\"potentialAction\":[{\"@type\":\"ReadAction\",\"target\":[\"https:\\\/\\\/easyproperties.be\\\/fr\\\/a-vendre\\\/\"]}]},{\"@type\":\"BreadcrumbList\",\"@id\":\"https:\\\/\\\/easyproperties.be\\\/fr\\\/a-vendre\\\/#breadcrumb\",\"itemListElement\":[{\"@type\":\"ListItem\",\"position\":1,\"name\":\"Home\",\"item\":\"https:\\\/\\\/easyproperties.be\\\/fr\\\/\"},{\"@type\":\"ListItem\",\"position\":2,\"name\":\"\u00c0 vendre\"}]},{\"@type\":\"WebSite\",\"@id\":\"https:\\\/\\\/easyproperties.be\\\/fr\\\/#website\",\"url\":\"https:\\\/\\\/easyproperties.be\\\/fr\\\/\",\"name\":\"Easy Properties\",\"description\":\"Achetez ou louez tous types de biens immobiliers... Easy Properties vous aide \u00e0 r\u00e9aliser vos r\u00eaves...\",\"potentialAction\":[{\"@type\":\"SearchAction\",\"target\":{\"@type\":\"EntryPoint\",\"urlTemplate\":\"https:\\\/\\\/easyproperties.be\\\/fr\\\/?s={search_term_string}\"},\"query-input\":{\"@type\":\"PropertyValueSpecification\",\"valueRequired\":true,\"valueName\":\"search_term_string\"}}],\"inLanguage\":\"fr-BE\"}]}<\/script>\n<!-- \/ Yoast SEO plugin. -->","yoast_head_json":{"title":"D\u00e9couvrez les biens \u00e0 vendre - Agence immobili\u00e8re \u00e0 Bruxelles","description":"Easy Properties s'occupe de la vente de votre bien aux meilleures conditions l Demandez votre Estimation Gratuite","robots":{"index":"index","follow":"follow","max-snippet":"max-snippet:-1","max-image-preview":"max-image-preview:large","max-video-preview":"max-video-preview:-1"},"canonical":"https:\/\/easyproperties.be\/fr\/a-vendre\/","og_locale":"fr_FR","og_type":"article","og_title":"D\u00e9couvrez les biens \u00e0 vendre - Agence immobili\u00e8re \u00e0 Bruxelles","og_description":"Easy Properties s'occupe de la vente de votre bien aux meilleures conditions l Demandez votre Estimation Gratuite","og_url":"https:\/\/easyproperties.be\/fr\/a-vendre\/","og_site_name":"Easy Properties","article_modified_time":"2021-09-07T08:39:05+00:00","twitter_card":"summary_large_image","schema":{"@context":"https:\/\/schema.org","@graph":[{"@type":"WebPage","@id":"https:\/\/easyproperties.be\/fr\/a-vendre\/","url":"https:\/\/easyproperties.be\/fr\/a-vendre\/","name":"D\u00e9couvrez les biens \u00e0 vendre - Agence immobili\u00e8re \u00e0 Bruxelles","isPartOf":{"@id":"https:\/\/easyproperties.be\/fr\/#website"},"datePublished":"2021-08-13T10:32:56+00:00","dateModified":"2021-09-07T08:39:05+00:00","description":"Easy Properties s'occupe de la vente de votre bien aux meilleures conditions l Demandez votre Estimation Gratuite","breadcrumb":{"@id":"https:\/\/easyproperties.be\/fr\/a-vendre\/#breadcrumb"},"inLanguage":"fr-BE","potentialAction":[{"@type":"ReadAction","target":["https:\/\/easyproperties.be\/fr\/a-vendre\/"]}]},{"@type":"BreadcrumbList","@id":"https:\/\/easyproperties.be\/fr\/a-vendre\/#breadcrumb","itemListElement":[{"@type":"ListItem","position":1,"name":"Home","item":"https:\/\/easyproperties.be\/fr\/"},{"@type":"ListItem","position":2,"name":"\u00c0 vendre"}]},{"@type":"WebSite","@id":"https:\/\/easyproperties.be\/fr\/#website","url":"https:\/\/easyproperties.be\/fr\/","name":"Easy Properties","description":"Achetez ou louez tous types de biens immobiliers... Easy Properties vous aide \u00e0 r\u00e9aliser vos r\u00eaves...","potentialAction":[{"@type":"SearchAction","target":{"@type":"EntryPoint","urlTemplate":"https:\/\/easyproperties.be\/fr\/?s={search_term_string}"},"query-input":{"@type":"PropertyValueSpecification","valueRequired":true,"valueName":"search_term_string"}}],"inLanguage":"fr-BE"}]}},"_links":{"self":[{"href":"https:\/\/easyproperties.be\/fr\/wp-json\/wp\/v2\/pages\/13","targetHints":{"allow":["GET"]}}],"collection":[{"href":"https:\/\/easyproperties.be\/fr\/wp-json\/wp\/v2\/pages"}],"about":[{"href":"https:\/\/easyproperties.be\/fr\/wp-json\/wp\/v2\/types\/page"}],"author":[{"embeddable":true,"href":"https:\/\/easyproperties.be\/fr\/wp-json\/wp\/v2\/users\/7"}],"replies":[{"embeddable":true,"href":"https:\/\/easyproperties.be\/fr\/wp-json\/wp\/v2\/comments?post=13"}],"version-history":[{"count":0,"href":"https:\/\/easyproperties.be\/fr\/wp-json\/wp\/v2\/pages\/13\/revisions"}],"wp:attachment":[{"href":"https:\/\/easyproperties.be\/fr\/wp-json\/wp\/v2\/media?parent=13"}],"curies":[{"name":"wp","href":"https:\/\/api.w.org\/{rel}","templated":true}]}}