{"id":19,"date":"2021-08-13T12:33:42","date_gmt":"2021-08-13T10:33:42","guid":{"rendered":"http:\/\/easyproperties.be\/?page_id=19"},"modified":"2021-09-28T14:11:46","modified_gmt":"2021-09-28T12:11:46","slug":"mentions-legales","status":"publish","type":"page","link":"https:\/\/easyproperties.be\/fr\/mentions-legales\/","title":{"rendered":"Mentions l\u00e9gales"},"content":{"rendered":"","protected":false},"excerpt":{"rendered":"","protected":false},"author":7,"featured_media":0,"parent":0,"menu_order":7,"comment_status":"closed","ping_status":"closed","template":"","meta":{"_acf_changed":false,"inline_featured_image":false,"footnotes":""},"class_list":["post-19","page","type-page","status-publish","hentry"],"acf":[],"yoast_head":"<!-- This site is optimized with the Yoast SEO plugin v27.4 - https:\/\/yoast.com\/product\/yoast-seo-wordpress\/ -->\n<title>Les mentions l\u00e9gales d&#039;Easy Properties<\/title>\n<meta name=\"description\" content=\"Parcourez les mentions l\u00e9gales d&#039;Easy Properties l Vous avez des questions ? N&#039;h\u00e9sitez pas \u00e0 nous contactez.\" \/>\n<meta name=\"robots\" content=\"index, follow, max-snippet:-1, max-image-preview:large, max-video-preview:-1\" \/>\n<link rel=\"canonical\" href=\"https:\/\/easyproperties.be\/fr\/mentions-legales\/\" \/>\n<meta property=\"og:locale\" content=\"fr_FR\" \/>\n<meta property=\"og:type\" content=\"article\" \/>\n<meta property=\"og:title\" content=\"Les mentions l\u00e9gales d&#039;Easy Properties\" \/>\n<meta property=\"og:description\" content=\"Parcourez les mentions l\u00e9gales d&#039;Easy Properties l Vous avez des questions ? N&#039;h\u00e9sitez pas \u00e0 nous contactez.\" \/>\n<meta property=\"og:url\" content=\"https:\/\/easyproperties.be\/fr\/mentions-legales\/\" \/>\n<meta property=\"og:site_name\" content=\"Easy Properties\" \/>\n<meta property=\"article:modified_time\" content=\"2021-09-28T12:11:46+00:00\" \/>\n<meta name=\"twitter:card\" content=\"summary_large_image\" \/>\n<script type=\"application\/ld+json\" class=\"yoast-schema-graph\">{\"@context\":\"https:\\\/\\\/schema.org\",\"@graph\":[{\"@type\":\"WebPage\",\"@id\":\"https:\\\/\\\/easyproperties.be\\\/fr\\\/mentions-legales\\\/\",\"url\":\"https:\\\/\\\/easyproperties.be\\\/fr\\\/mentions-legales\\\/\",\"name\":\"Les mentions l\u00e9gales d'Easy Properties\",\"isPartOf\":{\"@id\":\"https:\\\/\\\/easyproperties.be\\\/fr\\\/#website\"},\"datePublished\":\"2021-08-13T10:33:42+00:00\",\"dateModified\":\"2021-09-28T12:11:46+00:00\",\"description\":\"Parcourez les mentions l\u00e9gales d'Easy Properties l Vous avez des questions ? N'h\u00e9sitez pas \u00e0 nous contactez.\",\"breadcrumb\":{\"@id\":\"https:\\\/\\\/easyproperties.be\\\/fr\\\/mentions-legales\\\/#breadcrumb\"},\"inLanguage\":\"fr-BE\",\"potentialAction\":[{\"@type\":\"ReadAction\",\"target\":[\"https:\\\/\\\/easyproperties.be\\\/fr\\\/mentions-legales\\\/\"]}]},{\"@type\":\"BreadcrumbList\",\"@id\":\"https:\\\/\\\/easyproperties.be\\\/fr\\\/mentions-legales\\\/#breadcrumb\",\"itemListElement\":[{\"@type\":\"ListItem\",\"position\":1,\"name\":\"Home\",\"item\":\"https:\\\/\\\/easyproperties.be\\\/fr\\\/\"},{\"@type\":\"ListItem\",\"position\":2,\"name\":\"Mentions l\u00e9gales\"}]},{\"@type\":\"WebSite\",\"@id\":\"https:\\\/\\\/easyproperties.be\\\/fr\\\/#website\",\"url\":\"https:\\\/\\\/easyproperties.be\\\/fr\\\/\",\"name\":\"Easy Properties\",\"description\":\"Achetez ou louez tous types de biens immobiliers... Easy Properties vous aide \u00e0 r\u00e9aliser vos r\u00eaves...\",\"potentialAction\":[{\"@type\":\"SearchAction\",\"target\":{\"@type\":\"EntryPoint\",\"urlTemplate\":\"https:\\\/\\\/easyproperties.be\\\/fr\\\/?s={search_term_string}\"},\"query-input\":{\"@type\":\"PropertyValueSpecification\",\"valueRequired\":true,\"valueName\":\"search_term_string\"}}],\"inLanguage\":\"fr-BE\"}]}<\/script>\n<!-- \/ Yoast SEO plugin. -->","yoast_head_json":{"title":"Les mentions l\u00e9gales d'Easy Properties","description":"Parcourez les mentions l\u00e9gales d'Easy Properties l Vous avez des questions ? N'h\u00e9sitez pas \u00e0 nous contactez.","robots":{"index":"index","follow":"follow","max-snippet":"max-snippet:-1","max-image-preview":"max-image-preview:large","max-video-preview":"max-video-preview:-1"},"canonical":"https:\/\/easyproperties.be\/fr\/mentions-legales\/","og_locale":"fr_FR","og_type":"article","og_title":"Les mentions l\u00e9gales d'Easy Properties","og_description":"Parcourez les mentions l\u00e9gales d'Easy Properties l Vous avez des questions ? N'h\u00e9sitez pas \u00e0 nous contactez.","og_url":"https:\/\/easyproperties.be\/fr\/mentions-legales\/","og_site_name":"Easy Properties","article_modified_time":"2021-09-28T12:11:46+00:00","twitter_card":"summary_large_image","schema":{"@context":"https:\/\/schema.org","@graph":[{"@type":"WebPage","@id":"https:\/\/easyproperties.be\/fr\/mentions-legales\/","url":"https:\/\/easyproperties.be\/fr\/mentions-legales\/","name":"Les mentions l\u00e9gales d'Easy Properties","isPartOf":{"@id":"https:\/\/easyproperties.be\/fr\/#website"},"datePublished":"2021-08-13T10:33:42+00:00","dateModified":"2021-09-28T12:11:46+00:00","description":"Parcourez les mentions l\u00e9gales d'Easy Properties l Vous avez des questions ? N'h\u00e9sitez pas \u00e0 nous contactez.","breadcrumb":{"@id":"https:\/\/easyproperties.be\/fr\/mentions-legales\/#breadcrumb"},"inLanguage":"fr-BE","potentialAction":[{"@type":"ReadAction","target":["https:\/\/easyproperties.be\/fr\/mentions-legales\/"]}]},{"@type":"BreadcrumbList","@id":"https:\/\/easyproperties.be\/fr\/mentions-legales\/#breadcrumb","itemListElement":[{"@type":"ListItem","position":1,"name":"Home","item":"https:\/\/easyproperties.be\/fr\/"},{"@type":"ListItem","position":2,"name":"Mentions l\u00e9gales"}]},{"@type":"WebSite","@id":"https:\/\/easyproperties.be\/fr\/#website","url":"https:\/\/easyproperties.be\/fr\/","name":"Easy Properties","description":"Achetez ou louez tous types de biens immobiliers... Easy Properties vous aide \u00e0 r\u00e9aliser vos r\u00eaves...","potentialAction":[{"@type":"SearchAction","target":{"@type":"EntryPoint","urlTemplate":"https:\/\/easyproperties.be\/fr\/?s={search_term_string}"},"query-input":{"@type":"PropertyValueSpecification","valueRequired":true,"valueName":"search_term_string"}}],"inLanguage":"fr-BE"}]}},"_links":{"self":[{"href":"https:\/\/easyproperties.be\/fr\/wp-json\/wp\/v2\/pages\/19","targetHints":{"allow":["GET"]}}],"collection":[{"href":"https:\/\/easyproperties.be\/fr\/wp-json\/wp\/v2\/pages"}],"about":[{"href":"https:\/\/easyproperties.be\/fr\/wp-json\/wp\/v2\/types\/page"}],"author":[{"embeddable":true,"href":"https:\/\/easyproperties.be\/fr\/wp-json\/wp\/v2\/users\/7"}],"replies":[{"embeddable":true,"href":"https:\/\/easyproperties.be\/fr\/wp-json\/wp\/v2\/comments?post=19"}],"version-history":[{"count":0,"href":"https:\/\/easyproperties.be\/fr\/wp-json\/wp\/v2\/pages\/19\/revisions"}],"wp:attachment":[{"href":"https:\/\/easyproperties.be\/fr\/wp-json\/wp\/v2\/media?parent=19"}],"curies":[{"name":"wp","href":"https:\/\/api.w.org\/{rel}","templated":true}]}}