{"id":9,"date":"2021-08-13T12:32:40","date_gmt":"2021-08-13T10:32:40","guid":{"rendered":"http:\/\/easyproperties.be\/?page_id=9"},"modified":"2021-09-15T14:11:06","modified_gmt":"2021-09-15T12:11:06","slug":"vendre-ou-louer-mon-bien","status":"publish","type":"page","link":"https:\/\/easyproperties.be\/fr\/vendre-ou-louer-mon-bien\/","title":{"rendered":"Vendre ou louer mon bien"},"content":{"rendered":"","protected":false},"excerpt":{"rendered":"","protected":false},"author":7,"featured_media":0,"parent":0,"menu_order":1,"comment_status":"closed","ping_status":"closed","template":"templates\/vendre-ou-louer.php","meta":{"_acf_changed":false,"inline_featured_image":false,"footnotes":""},"class_list":["post-9","page","type-page","status-publish","hentry"],"acf":[],"yoast_head":"<!-- This site is optimized with the Yoast SEO plugin v27.4 - https:\/\/yoast.com\/product\/yoast-seo-wordpress\/ -->\n<title>Vendez ou louer votre bien avec Easy Properties - Agence immobili\u00e8re<\/title>\n<meta name=\"description\" content=\"Nous nous occupons de TOUT: la gestion des visites, la n\u00e9gociation du prix, la vente-location de votre bien aux meilleures conditions\" \/>\n<meta name=\"robots\" content=\"index, follow, max-snippet:-1, max-image-preview:large, max-video-preview:-1\" \/>\n<link rel=\"canonical\" href=\"https:\/\/easyproperties.be\/fr\/vendre-ou-louer-mon-bien\/\" \/>\n<meta property=\"og:locale\" content=\"fr_FR\" \/>\n<meta property=\"og:type\" content=\"article\" \/>\n<meta property=\"og:title\" content=\"Vendez ou louer votre bien avec Easy Properties - Agence immobili\u00e8re\" \/>\n<meta property=\"og:description\" content=\"Nous nous occupons de TOUT: la gestion des visites, la n\u00e9gociation du prix, la vente-location de votre bien aux meilleures conditions\" \/>\n<meta property=\"og:url\" content=\"https:\/\/easyproperties.be\/fr\/vendre-ou-louer-mon-bien\/\" \/>\n<meta property=\"og:site_name\" content=\"Easy Properties\" \/>\n<meta property=\"article:modified_time\" content=\"2021-09-15T12:11:06+00:00\" \/>\n<meta name=\"twitter:card\" content=\"summary_large_image\" \/>\n<script type=\"application\/ld+json\" class=\"yoast-schema-graph\">{\"@context\":\"https:\\\/\\\/schema.org\",\"@graph\":[{\"@type\":\"WebPage\",\"@id\":\"https:\\\/\\\/easyproperties.be\\\/fr\\\/vendre-ou-louer-mon-bien\\\/\",\"url\":\"https:\\\/\\\/easyproperties.be\\\/fr\\\/vendre-ou-louer-mon-bien\\\/\",\"name\":\"Vendez ou louer votre bien avec Easy Properties - Agence immobili\u00e8re\",\"isPartOf\":{\"@id\":\"https:\\\/\\\/easyproperties.be\\\/fr\\\/#website\"},\"datePublished\":\"2021-08-13T10:32:40+00:00\",\"dateModified\":\"2021-09-15T12:11:06+00:00\",\"description\":\"Nous nous occupons de TOUT: la gestion des visites, la n\u00e9gociation du prix, la vente-location de votre bien aux meilleures conditions\",\"breadcrumb\":{\"@id\":\"https:\\\/\\\/easyproperties.be\\\/fr\\\/vendre-ou-louer-mon-bien\\\/#breadcrumb\"},\"inLanguage\":\"fr-BE\",\"potentialAction\":[{\"@type\":\"ReadAction\",\"target\":[\"https:\\\/\\\/easyproperties.be\\\/fr\\\/vendre-ou-louer-mon-bien\\\/\"]}]},{\"@type\":\"BreadcrumbList\",\"@id\":\"https:\\\/\\\/easyproperties.be\\\/fr\\\/vendre-ou-louer-mon-bien\\\/#breadcrumb\",\"itemListElement\":[{\"@type\":\"ListItem\",\"position\":1,\"name\":\"Home\",\"item\":\"https:\\\/\\\/easyproperties.be\\\/fr\\\/\"},{\"@type\":\"ListItem\",\"position\":2,\"name\":\"Vendre ou louer mon bien\"}]},{\"@type\":\"WebSite\",\"@id\":\"https:\\\/\\\/easyproperties.be\\\/fr\\\/#website\",\"url\":\"https:\\\/\\\/easyproperties.be\\\/fr\\\/\",\"name\":\"Easy Properties\",\"description\":\"Achetez ou louez tous types de biens immobiliers... Easy Properties vous aide \u00e0 r\u00e9aliser vos r\u00eaves...\",\"potentialAction\":[{\"@type\":\"SearchAction\",\"target\":{\"@type\":\"EntryPoint\",\"urlTemplate\":\"https:\\\/\\\/easyproperties.be\\\/fr\\\/?s={search_term_string}\"},\"query-input\":{\"@type\":\"PropertyValueSpecification\",\"valueRequired\":true,\"valueName\":\"search_term_string\"}}],\"inLanguage\":\"fr-BE\"}]}<\/script>\n<!-- \/ Yoast SEO plugin. -->","yoast_head_json":{"title":"Vendez ou louer votre bien avec Easy Properties - Agence immobili\u00e8re","description":"Nous nous occupons de TOUT: la gestion des visites, la n\u00e9gociation du prix, la vente-location de votre bien aux meilleures conditions","robots":{"index":"index","follow":"follow","max-snippet":"max-snippet:-1","max-image-preview":"max-image-preview:large","max-video-preview":"max-video-preview:-1"},"canonical":"https:\/\/easyproperties.be\/fr\/vendre-ou-louer-mon-bien\/","og_locale":"fr_FR","og_type":"article","og_title":"Vendez ou louer votre bien avec Easy Properties - Agence immobili\u00e8re","og_description":"Nous nous occupons de TOUT: la gestion des visites, la n\u00e9gociation du prix, la vente-location de votre bien aux meilleures conditions","og_url":"https:\/\/easyproperties.be\/fr\/vendre-ou-louer-mon-bien\/","og_site_name":"Easy Properties","article_modified_time":"2021-09-15T12:11:06+00:00","twitter_card":"summary_large_image","schema":{"@context":"https:\/\/schema.org","@graph":[{"@type":"WebPage","@id":"https:\/\/easyproperties.be\/fr\/vendre-ou-louer-mon-bien\/","url":"https:\/\/easyproperties.be\/fr\/vendre-ou-louer-mon-bien\/","name":"Vendez ou louer votre bien avec Easy Properties - Agence immobili\u00e8re","isPartOf":{"@id":"https:\/\/easyproperties.be\/fr\/#website"},"datePublished":"2021-08-13T10:32:40+00:00","dateModified":"2021-09-15T12:11:06+00:00","description":"Nous nous occupons de TOUT: la gestion des visites, la n\u00e9gociation du prix, la vente-location de votre bien aux meilleures conditions","breadcrumb":{"@id":"https:\/\/easyproperties.be\/fr\/vendre-ou-louer-mon-bien\/#breadcrumb"},"inLanguage":"fr-BE","potentialAction":[{"@type":"ReadAction","target":["https:\/\/easyproperties.be\/fr\/vendre-ou-louer-mon-bien\/"]}]},{"@type":"BreadcrumbList","@id":"https:\/\/easyproperties.be\/fr\/vendre-ou-louer-mon-bien\/#breadcrumb","itemListElement":[{"@type":"ListItem","position":1,"name":"Home","item":"https:\/\/easyproperties.be\/fr\/"},{"@type":"ListItem","position":2,"name":"Vendre ou louer mon bien"}]},{"@type":"WebSite","@id":"https:\/\/easyproperties.be\/fr\/#website","url":"https:\/\/easyproperties.be\/fr\/","name":"Easy Properties","description":"Achetez ou louez tous types de biens immobiliers... Easy Properties vous aide \u00e0 r\u00e9aliser vos r\u00eaves...","potentialAction":[{"@type":"SearchAction","target":{"@type":"EntryPoint","urlTemplate":"https:\/\/easyproperties.be\/fr\/?s={search_term_string}"},"query-input":{"@type":"PropertyValueSpecification","valueRequired":true,"valueName":"search_term_string"}}],"inLanguage":"fr-BE"}]}},"_links":{"self":[{"href":"https:\/\/easyproperties.be\/fr\/wp-json\/wp\/v2\/pages\/9","targetHints":{"allow":["GET"]}}],"collection":[{"href":"https:\/\/easyproperties.be\/fr\/wp-json\/wp\/v2\/pages"}],"about":[{"href":"https:\/\/easyproperties.be\/fr\/wp-json\/wp\/v2\/types\/page"}],"author":[{"embeddable":true,"href":"https:\/\/easyproperties.be\/fr\/wp-json\/wp\/v2\/users\/7"}],"replies":[{"embeddable":true,"href":"https:\/\/easyproperties.be\/fr\/wp-json\/wp\/v2\/comments?post=9"}],"version-history":[{"count":0,"href":"https:\/\/easyproperties.be\/fr\/wp-json\/wp\/v2\/pages\/9\/revisions"}],"wp:attachment":[{"href":"https:\/\/easyproperties.be\/fr\/wp-json\/wp\/v2\/media?parent=9"}],"curies":[{"name":"wp","href":"https:\/\/api.w.org\/{rel}","templated":true}]}}